{"id":14,"date":"2023-12-05T10:54:39","date_gmt":"2023-12-05T09:54:39","guid":{"rendered":"http:\/\/panoramalidicka.cz\/?page_id=14"},"modified":"2024-12-02T16:55:44","modified_gmt":"2024-12-02T15:55:44","slug":"nabidka-bytu","status":"publish","type":"page","link":"https:\/\/panoramalidicka.cz\/?page_id=14","title":{"rendered":"Nab\u00eddka byt\u016f"},"content":{"rendered":"\n<section class=\"wp-block-group stripe-bottom bg-white\"><div class=\"wp-block-group__inner-container is-layout-constrained wp-block-group-is-layout-constrained\"><div class=\"wp-bootstrap-blocks-container container mb-0\">\n\t\n<div class=\"wp-bootstrap-blocks-row row\">\n\t\n\n<div class=\"col-12 col-xl-6 pb-5 pb-xl-0\">\n\t\t\t\n\n<div class=\"wp-block-group position-sticky start-0 sticky-side\"><div class=\"wp-block-group__inner-container is-layout-constrained wp-block-group-is-layout-constrained\">\n<h1 class=\"wp-block-heading\" data-=\"\">Jak prob\u00edh\u00e1 n\u00e1kup nemovitosti?<\/h1>\n\n\n\n<div class=\"wp-block-group\" data-=\"\"><div class=\"wp-block-group__inner-container is-layout-constrained wp-block-group-is-layout-constrained\">\n<figure class=\"wp-block-image size-large mt-n3 pb-4\"><img loading=\"lazy\" decoding=\"async\" width=\"102\" height=\"20\" src=\"http:\/\/panoramalidicka.cz\/wp-content\/uploads\/2023\/12\/separator.svg\" alt=\"\" class=\"wp-image-104\"\/><\/figure>\n<\/div><\/div>\n\n\n\n<p data-=\"\">Pokud zrovna prod\u00e1v\u00e1te sv\u016fj byt nebo d\u016fm a sn\u00edte o nov\u00e9m bydlen\u00ed v Panorama Lidick\u00e1, m\u00e1me pro v\u00e1s \u0159e\u0161en\u00ed! Navrhneme pl\u00e1n, jak co nejl\u00e9pe a bezstarostn\u011b propojit prodej \u010di sm\u011bnu va\u0161\u00ed sou\u010dasn\u00e9 nemovitosti s p\u0159est\u011bhov\u00e1n\u00edm do t\u00e9 nov\u00e9. N\u00e1\u0161 t\u00fdm v\u00e1s provede cel\u00fdm procesem.<\/p>\n\n\n\n<div class=\"wp-block-group pt-4\" data-=\"\"><div class=\"wp-block-group__inner-container is-layout-constrained wp-block-group-is-layout-constrained\"><a href=\"http:\/\/panoramalidicka.cz\/kontakt\" type=\"button\"\n   class=\"btn d-inline-flex align-items-center btn-primary\"\n   target=\"\">\n    <span>\n        Chci se poradit                    <span class=\"ps-2 position-relative\" style=\"top:-2px;\">\n            <svg width=\"13\" height=\"11\" viewBox=\"0 0 13 11\" fill=\"none\" xmlns=\"http:\/\/www.w3.org\/2000\/svg\">\n<path d=\"M7.69565 9.5L12 5.5M12 5.5L7.69565 1.5M12 5.5L1 5.5\" stroke=\"white\" stroke-width=\"1.5\" stroke-linecap=\"round\" stroke-linejoin=\"round\"\/>\n<\/svg>\n        <\/span>\n                <\/span>\n<\/a><\/div><\/div>\n<\/div><\/div>\n\n\t<\/div>\n\n\n\n<div class=\"col-12 col-xl-6\">\n\t\t\t\n    <div class=\"accordion accordion-custom\" id=\"accordionExample\">\n                    <div class=\"accordion-item\">\n                <h2 class=\"accordion-header\">\n                    <button class=\"accordion-button\" type=\"button\" data-bs-toggle=\"collapse\" data-bs-target=\"#collapse0\" aria-expanded=\"true\" aria-controls=\"0\">\n                        <span class=\"accordion-item-number d-flex align-items-center justify-content-center me-3\">01<\/span>\n                        <span class=\"pe-2\">Podpis rezerva\u010dn\u00ed smlouvy<\/span>\n                    <\/button>\n                <\/h2>\n                <div id=\"collapse0\" class=\"accordion-collapse collapse show\" data-bs-parent=\"#accordionExample\">\n                    <div class=\"accordion-body ms-lg-3\">\n                        <p>Podpis Rezerva\u010dn\u00ed smlouvy a \u00fahrada rezerva\u010dn\u00edho poplatku ve v\u00fd\u0161i 20%. Z\u00e1vaznou se rezervace stane v okam\u017eiku podpisu Rezerva\u010dn\u00ed smlouvy a uhrazen\u00edm rezerva\u010dn\u00edho poplatku.<\/p>\n                    <\/div>\n                <\/div>\n            <\/div>\n                        <div class=\"accordion-item\">\n                <h2 class=\"accordion-header\">\n                    <button class=\"accordion-button collapsed\" type=\"button\" data-bs-toggle=\"collapse\" data-bs-target=\"#collapse1\" aria-expanded=\"true\" aria-controls=\"1\">\n                        <span class=\"accordion-item-number d-flex align-items-center justify-content-center me-3\">02<\/span>\n                        <span class=\"pe-2\">Vyd\u00e1n\u00ed stavebn\u00edho povolen\u00ed<\/span>\n                    <\/button>\n                <\/h2>\n                <div id=\"collapse1\" class=\"accordion-collapse collapse\" data-bs-parent=\"#accordionExample\">\n                    <div class=\"accordion-body ms-lg-3\">\n                        <p>Podpis Smlouvy o smlouv\u011b budouc\u00ed a \u00fahrada dal\u0161\u00ed \u010d\u00e1sti kupn\u00ed ceny ve v\u00fd\u0161i 30%. Ji\u017e mo\u017eno \u010derpat z hypote\u010dn\u00edho \u00fav\u011bru.<\/p>\n                    <\/div>\n                <\/div>\n            <\/div>\n                        <div class=\"accordion-item\">\n                <h2 class=\"accordion-header\">\n                    <button class=\"accordion-button collapsed\" type=\"button\" data-bs-toggle=\"collapse\" data-bs-target=\"#collapse2\" aria-expanded=\"true\" aria-controls=\"2\">\n                        <span class=\"accordion-item-number d-flex align-items-center justify-content-center me-3\">03<\/span>\n                        <span class=\"pe-2\">Zah\u00e1jen\u00ed stavby<\/span>\n                    <\/button>\n                <\/h2>\n                <div id=\"collapse2\" class=\"accordion-collapse collapse\" data-bs-parent=\"#accordionExample\">\n                    <div class=\"accordion-body ms-lg-3\">\n                        <p>Zateplen\u00ed pl\u00e1\u0161t\u011b budovy, rozvody ZTI, vyt\u00e1p\u011bn\u00ed, elektroinstalace, vnit\u0159n\u00ed om\u00edtky, stropy a podlahy.<\/p>\n                    <\/div>\n                <\/div>\n            <\/div>\n                        <div class=\"accordion-item\">\n                <h2 class=\"accordion-header\">\n                    <button class=\"accordion-button collapsed\" type=\"button\" data-bs-toggle=\"collapse\" data-bs-target=\"#collapse3\" aria-expanded=\"true\" aria-controls=\"3\">\n                        <span class=\"accordion-item-number d-flex align-items-center justify-content-center me-3\">04<\/span>\n                        <span class=\"pe-2\">Pod\u00e1n\u00ed prohl\u00e1\u0161en\u00ed vlastn\u00edka do katastru nemovitost\u00ed<\/span>\n                    <\/button>\n                <\/h2>\n                <div id=\"collapse3\" class=\"accordion-collapse collapse\" data-bs-parent=\"#accordionExample\">\n                    <div class=\"accordion-body ms-lg-3\">\n                        <p>Podpis kupn\u00ed smlouvy a \u00fahrada dal\u0161\u00edch 30% z \u010d\u00e1stky kupn\u00ed ceny.<\/p>\n                    <\/div>\n                <\/div>\n            <\/div>\n                        <div class=\"accordion-item\">\n                <h2 class=\"accordion-header\">\n                    <button class=\"accordion-button collapsed\" type=\"button\" data-bs-toggle=\"collapse\" data-bs-target=\"#collapse4\" aria-expanded=\"true\" aria-controls=\"4\">\n                        <span class=\"accordion-item-number d-flex align-items-center justify-content-center me-3\">05<\/span>\n                        <span class=\"pe-2\">Dokon\u010den\u00ed stavby a kolaudace<\/span>\n                    <\/button>\n                <\/h2>\n                <div id=\"collapse4\" class=\"accordion-collapse collapse\" data-bs-parent=\"#accordionExample\">\n                    <div class=\"accordion-body ms-lg-3\">\n                        <p>P\u0159ed\u00e1n\u00ed bytu a doplatek zbytku kupn\u00ed ceny.<\/p>\n                    <\/div>\n                <\/div>\n            <\/div>\n                <\/div>\n    \n\t<\/div>\n\n<\/div>\n\n<\/div>\n<\/div><\/section>\n","protected":false},"excerpt":{"rendered":"","protected":false},"author":1,"featured_media":220,"parent":0,"menu_order":0,"comment_status":"closed","ping_status":"closed","template":"templates\/template-nabidka.php","meta":{"_acf_changed":false,"inline_featured_image":false,"footnotes":""},"class_list":["post-14","page","type-page","status-publish","has-post-thumbnail","hentry"],"acf":[],"yoast_head":"<!-- This site is optimized with the Yoast SEO plugin v27.4 - https:\/\/yoast.com\/product\/yoast-seo-wordpress\/ -->\n<title>Byty na prodej i pron\u00e1jem v centru m\u011bsta \u0160umperk | Panorama<\/title>\n<meta name=\"description\" content=\"\u0160umperk 48 byt\u016f na prodej. Dispozice 2+kk a\u017e 4+kk s v\u00fdm\u011brami od 33,4 a\u017e 90,1 m2. Vyberte si z nab\u00eddky byt\u016f s v\u00fdhledy na Jesen\u00edky.\" \/>\n<meta name=\"robots\" content=\"index, follow, max-snippet:-1, max-image-preview:large, max-video-preview:-1\" \/>\n<link rel=\"canonical\" href=\"https:\/\/panoramalidicka.cz\/?page_id=14\" \/>\n<meta property=\"og:locale\" content=\"cs_CZ\" \/>\n<meta property=\"og:type\" content=\"article\" \/>\n<meta property=\"og:title\" content=\"Byty na prodej i pron\u00e1jem v centru m\u011bsta \u0160umperk | Panorama\" \/>\n<meta property=\"og:description\" content=\"\u0160umperk 48 byt\u016f na prodej. Dispozice 2+kk a\u017e 4+kk s v\u00fdm\u011brami od 33,4 a\u017e 90,1 m2. Vyberte si z nab\u00eddky byt\u016f s v\u00fdhledy na Jesen\u00edky.\" \/>\n<meta property=\"og:url\" content=\"https:\/\/panoramalidicka.cz\/?page_id=14\" \/>\n<meta property=\"og:site_name\" content=\"Panorama Lidick\u00e1\" \/>\n<meta property=\"article:modified_time\" content=\"2024-12-02T15:55:44+00:00\" \/>\n<meta property=\"og:image\" content=\"https:\/\/panoramalidicka.cz\/wp-content\/uploads\/2023\/12\/nabidka_bytu.jpg\" \/>\n\t<meta property=\"og:image:width\" content=\"1920\" \/>\n\t<meta property=\"og:image:height\" content=\"1281\" \/>\n\t<meta property=\"og:image:type\" content=\"image\/jpeg\" \/>\n<meta name=\"twitter:card\" content=\"summary_large_image\" \/>\n<meta name=\"twitter:label1\" content=\"Odhadovan\u00e1 doba \u010dten\u00ed\" \/>\n\t<meta name=\"twitter:data1\" content=\"1 minuta\" \/>\n<script type=\"application\/ld+json\" class=\"yoast-schema-graph\">{\"@context\":\"https:\\\/\\\/schema.org\",\"@graph\":[{\"@type\":\"WebPage\",\"@id\":\"https:\\\/\\\/panoramalidicka.cz\\\/?page_id=14\",\"url\":\"https:\\\/\\\/panoramalidicka.cz\\\/?page_id=14\",\"name\":\"Byty na prodej i pron\u00e1jem v centru m\u011bsta \u0160umperk | Panorama\",\"isPartOf\":{\"@id\":\"https:\\\/\\\/panoramalidicka.cz\\\/#website\"},\"primaryImageOfPage\":{\"@id\":\"https:\\\/\\\/panoramalidicka.cz\\\/?page_id=14#primaryimage\"},\"image\":{\"@id\":\"https:\\\/\\\/panoramalidicka.cz\\\/?page_id=14#primaryimage\"},\"thumbnailUrl\":\"https:\\\/\\\/panoramalidicka.cz\\\/wp-content\\\/uploads\\\/2023\\\/12\\\/nabidka_bytu.jpg\",\"datePublished\":\"2023-12-05T09:54:39+00:00\",\"dateModified\":\"2024-12-02T15:55:44+00:00\",\"description\":\"\u0160umperk 48 byt\u016f na prodej. Dispozice 2+kk a\u017e 4+kk s v\u00fdm\u011brami od 33,4 a\u017e 90,1 m2. Vyberte si z nab\u00eddky byt\u016f s v\u00fdhledy na Jesen\u00edky.\",\"breadcrumb\":{\"@id\":\"https:\\\/\\\/panoramalidicka.cz\\\/?page_id=14#breadcrumb\"},\"inLanguage\":\"cs\",\"potentialAction\":[{\"@type\":\"ReadAction\",\"target\":[\"https:\\\/\\\/panoramalidicka.cz\\\/?page_id=14\"]}]},{\"@type\":\"ImageObject\",\"inLanguage\":\"cs\",\"@id\":\"https:\\\/\\\/panoramalidicka.cz\\\/?page_id=14#primaryimage\",\"url\":\"https:\\\/\\\/panoramalidicka.cz\\\/wp-content\\\/uploads\\\/2023\\\/12\\\/nabidka_bytu.jpg\",\"contentUrl\":\"https:\\\/\\\/panoramalidicka.cz\\\/wp-content\\\/uploads\\\/2023\\\/12\\\/nabidka_bytu.jpg\",\"width\":1920,\"height\":1281},{\"@type\":\"BreadcrumbList\",\"@id\":\"https:\\\/\\\/panoramalidicka.cz\\\/?page_id=14#breadcrumb\",\"itemListElement\":[{\"@type\":\"ListItem\",\"position\":1,\"name\":\"Home\",\"item\":\"https:\\\/\\\/panoramalidicka.cz\\\/\"},{\"@type\":\"ListItem\",\"position\":2,\"name\":\"Nab\u00eddka byt\u016f\"}]},{\"@type\":\"WebSite\",\"@id\":\"https:\\\/\\\/panoramalidicka.cz\\\/#website\",\"url\":\"https:\\\/\\\/panoramalidicka.cz\\\/\",\"name\":\"Panorama Lidick\u00e1\",\"description\":\"\",\"publisher\":{\"@id\":\"https:\\\/\\\/panoramalidicka.cz\\\/#organization\"},\"potentialAction\":[{\"@type\":\"SearchAction\",\"target\":{\"@type\":\"EntryPoint\",\"urlTemplate\":\"https:\\\/\\\/panoramalidicka.cz\\\/?s={search_term_string}\"},\"query-input\":{\"@type\":\"PropertyValueSpecification\",\"valueRequired\":true,\"valueName\":\"search_term_string\"}}],\"inLanguage\":\"cs\"},{\"@type\":\"Organization\",\"@id\":\"https:\\\/\\\/panoramalidicka.cz\\\/#organization\",\"name\":\"Panorama Lidick\u00e1\",\"url\":\"https:\\\/\\\/panoramalidicka.cz\\\/\",\"logo\":{\"@type\":\"ImageObject\",\"inLanguage\":\"cs\",\"@id\":\"https:\\\/\\\/panoramalidicka.cz\\\/#\\\/schema\\\/logo\\\/image\\\/\",\"url\":\"https:\\\/\\\/panoramalidicka.cz\\\/wp-content\\\/uploads\\\/2023\\\/12\\\/logo_default.svg\",\"contentUrl\":\"https:\\\/\\\/panoramalidicka.cz\\\/wp-content\\\/uploads\\\/2023\\\/12\\\/logo_default.svg\",\"width\":310,\"height\":70,\"caption\":\"Panorama Lidick\u00e1\"},\"image\":{\"@id\":\"https:\\\/\\\/panoramalidicka.cz\\\/#\\\/schema\\\/logo\\\/image\\\/\"}}]}<\/script>\n<!-- \/ Yoast SEO plugin. -->","yoast_head_json":{"title":"Byty na prodej i pron\u00e1jem v centru m\u011bsta \u0160umperk | Panorama","description":"\u0160umperk 48 byt\u016f na prodej. Dispozice 2+kk a\u017e 4+kk s v\u00fdm\u011brami od 33,4 a\u017e 90,1 m2. Vyberte si z nab\u00eddky byt\u016f s v\u00fdhledy na Jesen\u00edky.","robots":{"index":"index","follow":"follow","max-snippet":"max-snippet:-1","max-image-preview":"max-image-preview:large","max-video-preview":"max-video-preview:-1"},"canonical":"https:\/\/panoramalidicka.cz\/?page_id=14","og_locale":"cs_CZ","og_type":"article","og_title":"Byty na prodej i pron\u00e1jem v centru m\u011bsta \u0160umperk | Panorama","og_description":"\u0160umperk 48 byt\u016f na prodej. Dispozice 2+kk a\u017e 4+kk s v\u00fdm\u011brami od 33,4 a\u017e 90,1 m2. Vyberte si z nab\u00eddky byt\u016f s v\u00fdhledy na Jesen\u00edky.","og_url":"https:\/\/panoramalidicka.cz\/?page_id=14","og_site_name":"Panorama Lidick\u00e1","article_modified_time":"2024-12-02T15:55:44+00:00","og_image":[{"width":1920,"height":1281,"url":"https:\/\/panoramalidicka.cz\/wp-content\/uploads\/2023\/12\/nabidka_bytu.jpg","type":"image\/jpeg"}],"twitter_card":"summary_large_image","twitter_misc":{"Odhadovan\u00e1 doba \u010dten\u00ed":"1 minuta"},"schema":{"@context":"https:\/\/schema.org","@graph":[{"@type":"WebPage","@id":"https:\/\/panoramalidicka.cz\/?page_id=14","url":"https:\/\/panoramalidicka.cz\/?page_id=14","name":"Byty na prodej i pron\u00e1jem v centru m\u011bsta \u0160umperk | Panorama","isPartOf":{"@id":"https:\/\/panoramalidicka.cz\/#website"},"primaryImageOfPage":{"@id":"https:\/\/panoramalidicka.cz\/?page_id=14#primaryimage"},"image":{"@id":"https:\/\/panoramalidicka.cz\/?page_id=14#primaryimage"},"thumbnailUrl":"https:\/\/panoramalidicka.cz\/wp-content\/uploads\/2023\/12\/nabidka_bytu.jpg","datePublished":"2023-12-05T09:54:39+00:00","dateModified":"2024-12-02T15:55:44+00:00","description":"\u0160umperk 48 byt\u016f na prodej. Dispozice 2+kk a\u017e 4+kk s v\u00fdm\u011brami od 33,4 a\u017e 90,1 m2. Vyberte si z nab\u00eddky byt\u016f s v\u00fdhledy na Jesen\u00edky.","breadcrumb":{"@id":"https:\/\/panoramalidicka.cz\/?page_id=14#breadcrumb"},"inLanguage":"cs","potentialAction":[{"@type":"ReadAction","target":["https:\/\/panoramalidicka.cz\/?page_id=14"]}]},{"@type":"ImageObject","inLanguage":"cs","@id":"https:\/\/panoramalidicka.cz\/?page_id=14#primaryimage","url":"https:\/\/panoramalidicka.cz\/wp-content\/uploads\/2023\/12\/nabidka_bytu.jpg","contentUrl":"https:\/\/panoramalidicka.cz\/wp-content\/uploads\/2023\/12\/nabidka_bytu.jpg","width":1920,"height":1281},{"@type":"BreadcrumbList","@id":"https:\/\/panoramalidicka.cz\/?page_id=14#breadcrumb","itemListElement":[{"@type":"ListItem","position":1,"name":"Home","item":"https:\/\/panoramalidicka.cz\/"},{"@type":"ListItem","position":2,"name":"Nab\u00eddka byt\u016f"}]},{"@type":"WebSite","@id":"https:\/\/panoramalidicka.cz\/#website","url":"https:\/\/panoramalidicka.cz\/","name":"Panorama Lidick\u00e1","description":"","publisher":{"@id":"https:\/\/panoramalidicka.cz\/#organization"},"potentialAction":[{"@type":"SearchAction","target":{"@type":"EntryPoint","urlTemplate":"https:\/\/panoramalidicka.cz\/?s={search_term_string}"},"query-input":{"@type":"PropertyValueSpecification","valueRequired":true,"valueName":"search_term_string"}}],"inLanguage":"cs"},{"@type":"Organization","@id":"https:\/\/panoramalidicka.cz\/#organization","name":"Panorama Lidick\u00e1","url":"https:\/\/panoramalidicka.cz\/","logo":{"@type":"ImageObject","inLanguage":"cs","@id":"https:\/\/panoramalidicka.cz\/#\/schema\/logo\/image\/","url":"https:\/\/panoramalidicka.cz\/wp-content\/uploads\/2023\/12\/logo_default.svg","contentUrl":"https:\/\/panoramalidicka.cz\/wp-content\/uploads\/2023\/12\/logo_default.svg","width":310,"height":70,"caption":"Panorama Lidick\u00e1"},"image":{"@id":"https:\/\/panoramalidicka.cz\/#\/schema\/logo\/image\/"}}]}},"_links":{"self":[{"href":"https:\/\/panoramalidicka.cz\/index.php?rest_route=\/wp\/v2\/pages\/14","targetHints":{"allow":["GET"]}}],"collection":[{"href":"https:\/\/panoramalidicka.cz\/index.php?rest_route=\/wp\/v2\/pages"}],"about":[{"href":"https:\/\/panoramalidicka.cz\/index.php?rest_route=\/wp\/v2\/types\/page"}],"author":[{"embeddable":true,"href":"https:\/\/panoramalidicka.cz\/index.php?rest_route=\/wp\/v2\/users\/1"}],"replies":[{"embeddable":true,"href":"https:\/\/panoramalidicka.cz\/index.php?rest_route=%2Fwp%2Fv2%2Fcomments&post=14"}],"version-history":[{"count":58,"href":"https:\/\/panoramalidicka.cz\/index.php?rest_route=\/wp\/v2\/pages\/14\/revisions"}],"predecessor-version":[{"id":1539,"href":"https:\/\/panoramalidicka.cz\/index.php?rest_route=\/wp\/v2\/pages\/14\/revisions\/1539"}],"wp:featuredmedia":[{"embeddable":true,"href":"https:\/\/panoramalidicka.cz\/index.php?rest_route=\/wp\/v2\/media\/220"}],"wp:attachment":[{"href":"https:\/\/panoramalidicka.cz\/index.php?rest_route=%2Fwp%2Fv2%2Fmedia&parent=14"}],"curies":[{"name":"wp","href":"https:\/\/api.w.org\/{rel}","templated":true}]}}