{"id":20,"date":"2023-12-05T10:55:15","date_gmt":"2023-12-05T09:55:15","guid":{"rendered":"http:\/\/panoramalidicka.cz\/?page_id=20"},"modified":"2025-07-14T15:03:38","modified_gmt":"2025-07-14T13:03:38","slug":"kontakt","status":"publish","type":"page","link":"https:\/\/panoramalidicka.cz\/?page_id=20","title":{"rendered":"Kontakt"},"content":{"rendered":"\n<section class=\"wp-block-group stripe bg_line bg_line_1\"><div class=\"wp-block-group__inner-container is-layout-constrained wp-block-group-is-layout-constrained\"><div class=\"wp-bootstrap-blocks-container container mb-0\">\n\t\n<div class=\"wp-bootstrap-blocks-row row justify-content-center\">\n\t\n\n<div class=\"col-12 col-lg-11\">\n\t\t\t\n\n<h1 class=\"wp-block-heading has-text-align-center\" data-=\"\"><span style=\"color:#B6907B;\">M\u00e1m z\u00e1jem o<\/span> PROJEKT PANORAMA LIDICK\u00c1<\/h1>\n\n\n\n<div class=\"wp-block-contact-form-7-contact-form-selector pt-5\">\n<div class=\"wpcf7 no-js\" id=\"wpcf7-f7-o1\" lang=\"cs-CZ\" dir=\"ltr\" data-wpcf7-id=\"7\">\n<div class=\"screen-reader-response\"><p role=\"status\" aria-live=\"polite\" aria-atomic=\"true\"><\/p> <ul><\/ul><\/div>\n<form action=\"\/index.php?rest_route=%2Fwp%2Fv2%2Fpages%2F20#wpcf7-f7-o1\" method=\"post\" class=\"wpcf7-form init\" aria-label=\"Kontaktn\u00ed formul\u00e1\u0159\" novalidate=\"novalidate\" data-status=\"init\">\n<fieldset class=\"hidden-fields-container\"><input type=\"hidden\" name=\"_wpcf7\" value=\"7\" \/><input type=\"hidden\" name=\"_wpcf7_version\" value=\"6.1.5\" \/><input type=\"hidden\" name=\"_wpcf7_locale\" value=\"cs_CZ\" \/><input type=\"hidden\" name=\"_wpcf7_unit_tag\" value=\"wpcf7-f7-o1\" \/><input type=\"hidden\" name=\"_wpcf7_container_post\" value=\"0\" \/><input type=\"hidden\" name=\"_wpcf7_posted_data_hash\" value=\"\" \/><input type=\"hidden\" name=\"_wpcf7dtx_version\" value=\"5.0.5\" \/><input type=\"hidden\" name=\"_wpcf7_recaptcha_response\" value=\"\" \/>\n<\/fieldset>\n<div class=\"row gx-3\">\n\t<div class=\"col-lg-6\">\n\t\t<p><label class=\"form-label\">Va\u0161e jm\u00e9no<\/label><br \/>\n<span class=\"wpcf7-form-control-wrap\" data-name=\"your-firstname\"><input size=\"40\" maxlength=\"400\" class=\"wpcf7-form-control wpcf7-text wpcf7-validates-as-required form-control mb-4\" aria-required=\"true\" aria-invalid=\"false\" placeholder=\"Va\u0161e jm\u00e9no*\" value=\"\" type=\"text\" name=\"your-firstname\" \/><\/span>\n\t\t<\/p>\n\t<\/div>\n\t<div class=\"col-lg-6\">\n\t\t<p><label class=\"form-label\">Va\u0161e p\u0159\u00edjmen\u00ed<\/label><br \/>\n<span class=\"wpcf7-form-control-wrap\" data-name=\"your-lastname\"><input size=\"40\" maxlength=\"400\" class=\"wpcf7-form-control wpcf7-text wpcf7-validates-as-required form-control mb-4\" aria-required=\"true\" aria-invalid=\"false\" placeholder=\"Va\u0161e p\u0159\u00edjmen\u00ed*\" value=\"\" type=\"text\" name=\"your-lastname\" \/><\/span>\n\t\t<\/p>\n\t<\/div>\n<\/div>\n<div class=\"row gx-3\">\n\t<div class=\"col-lg-12\">\n\t\t<div class=\"mb-4\">\n\t\t\t<p><span class=\"wpcf7-form-control-wrap\" data-name=\"your-email\"><input size=\"40\" maxlength=\"400\" class=\"wpcf7-form-control wpcf7-email wpcf7-validates-as-required wpcf7-text wpcf7-validates-as-email form-control\" aria-required=\"true\" aria-invalid=\"false\" placeholder=\"E-mail*\" value=\"\" type=\"email\" name=\"your-email\" \/><\/span>\n\t\t\t<\/p>\n\t\t<\/div>\n\t<\/div>\n<\/div>\n<div class=\"row gx-3\">\n\t<div class=\"col-lg-12\">\n\t\t<div class=\"mb-4\">\n\t\t\t<p><span class=\"wpcf7-form-control-wrap\" data-name=\"your-phone\"><input size=\"40\" maxlength=\"400\" class=\"wpcf7-form-control wpcf7-text wpcf7-validates-as-required form-control\" aria-required=\"true\" aria-invalid=\"false\" placeholder=\"Telefon*\" value=\"\" type=\"text\" name=\"your-phone\" \/><\/span>\n\t\t\t<\/p>\n\t\t<\/div>\n\t<\/div>\n<\/div>\n<div class=\"row gx-3\">\n\t<div class=\"col-lg-12\">\n\t\t<div class=\"mb-4\">\n\t\t\t<p><span class=\"wpcf7-form-control-wrap\" data-name=\"your-message\"><textarea cols=\"40\" rows=\"3\" maxlength=\"2000\" class=\"wpcf7-form-control wpcf7-textarea wpcf7-validates-as-required form-control\" aria-required=\"true\" aria-invalid=\"false\" placeholder=\"Dobr\u00fd den, m\u00e1m z\u00e1jem o bli\u017e\u0161\u00ed informace, p\u0159\u00edpadn\u011b o prohl\u00eddku.*\" name=\"your-message\"><\/textarea><\/span>\n\t\t\t<\/p>\n\t\t<\/div>\n\t<\/div>\n<\/div>\n<div class=\"text-center\">\n\t<div class=\"mb-4\">\n\t\t<p><span class=\"wpcf7-form-control-wrap\" data-name=\"your-acceptance\"><span class=\"wpcf7-form-control wpcf7-acceptance\"><span class=\"wpcf7-list-item\"><label><input type=\"checkbox\" name=\"your-acceptance\" value=\"1\" aria-invalid=\"false\" \/><span class=\"wpcf7-list-item-label\">Souhlas\u00edm se <a href=\"\/ochrana-soukromi\">zpracov\u00e1n\u00edm osobn\u00edch \u00fadaj\u016f<\/a>.<\/span><\/label><\/span><\/span><\/span>\n\t\t<\/p>\n\t<\/div>\n\t<p><input class=\"wpcf7-form-control wpcf7-submit has-spinner btn btn-primary w-100\" type=\"submit\" value=\"Nez\u00e1vazn\u011b poptat\" \/>\n\t<\/p>\n<\/div>\n<input class=\"wpcf7-form-control wpcf7-hidden\" id=\"remote-ip\" value=\"\" type=\"hidden\" name=\"remote-ip\" \/>\n<input class=\"wpcf7-form-control wpcf7-hidden\" id=\"rn-date-time\" value=\"\" type=\"hidden\" name=\"rn-date-time\" \/>\n<input class=\"wpcf7-form-control wpcf7-hidden\" id=\"date\" value=\"\" type=\"hidden\" name=\"date\" \/>\n<input class=\"wpcf7-form-control wpcf7-hidden\" id=\"time\" value=\"\" type=\"hidden\" name=\"time\" \/>\n<input class=\"wpcf7-form-control wpcf7-hidden\" id=\"user-agent\" value=\"\" type=\"hidden\" name=\"user-agent\" \/>\n<input class=\"wpcf7-form-control wpcf7-hidden\" id=\"user-resolution\" value=\"\" type=\"hidden\" name=\"user-resolution\" \/>\n<input class=\"wpcf7-form-control wpcf7-hidden\" id=\"user-location\" value=\"\" type=\"hidden\" name=\"user-location\" \/>\n<input class=\"wpcf7-form-control wpcf7-hidden\" id=\"user-location-api\" value=\"\" type=\"hidden\" name=\"user-location-api\" \/>\n<input class=\"wpcf7-form-control wpcf7-hidden\" id=\"google-maps-link\" value=\"\" type=\"hidden\" name=\"google-maps-link\" \/>\n<input class=\"wpcf7-form-control wpcf7-hidden\" id=\"language-user\" value=\"\" type=\"hidden\" name=\"language-user\" \/>\n<input class=\"wpcf7-form-control wpcf7-hidden\" id=\"kategorie\" value=\"\" type=\"hidden\" name=\"kategorie\" \/>\n<p><script type=\"text\/javascript\" id=\"form_poptavka\">\ndocument.addEventListener('DOMContentLoaded', async function () {\n\n const form = document.querySelector('.wpcf7-form');\n const submitButton = document.querySelector('.btn-primary');\n const emailInput = document.querySelector('#your-mail');\n const phoneInput = document.querySelector('#your-phone');\n let isFormSubmitted = false;\n\n \/\/ Regular expressions for validation\n const emailRegex = \/^[^\\s@]+@[^\\s@]+\\.[^\\s@]+$\/;\n const phoneRegex = \/^[0-9]{9,15}$\/;\n\n const remoteIp = document.querySelector('#remote-ip');\n const rnDateTime = document.querySelector('#rn-date-time');\n const date = document.querySelector('#date');\n const time = document.querySelector('#time');\n const userAgent = document.querySelector('#user-agent');\n const userResolution = document.querySelector('#user-resolution');\n const userLocation = document.querySelector('#user-location');\n const userLocationApi = document.querySelector('#user-location-api');\n const googleMapsLink = document.querySelector('#google-maps-link');\n let languageUser = document.querySelector('#language-user');\n let kategorie = document.querySelector('#kategorie');\n\n \/\/ Set date and time\n const now = new Date();\n if (date) date.value = now.toLocaleDateString('cs-CZ');\n if (time) time.value = now.toLocaleTimeString('cs-CZ', {hour12: false});\n if (rnDateTime) rnDateTime.value = now.toISOString().slice(0, 16).replace('T', ' ');\n\n if (kategorie) {\n kategorie.value = \"kontakt\";\n }\n\n \/\/ Set user agent and resolution\n if (userAgent) userAgent.value = navigator.userAgent;\n if (userResolution) userResolution.value = screen.width + 'x' + screen.height;\n\n\n \/\/ Get IP and location\n let userLocation_api;\n if (remoteIp) {\n \/*let ipResponse = await fetch('https:\/\/api.ipify.org?format=json');\n let ipData = await ipResponse.json();\n remoteIp.value = ipData.ip;*\/\n\n let geoResponse = await fetch('https:\/\/api.geoapify.com\/v1\/ipinfo?apiKey=ec617cc4b2d4447caa06f2d95a703b8d');\n let geoData = await geoResponse.json();\n \/\/console.info('GeoResponse: ' + geoData.location.latitude);\n remoteIp.value = geoData.ip;\n if (userLocationApi) {\n userLocationApi.value = geoData.location.latitude + ',' + geoData.location.longitude;\n }\n }\n\n let userLatLon;\n\n try {\n \/\/ Try to get accurate geolocation\n userLatLon = await new Promise((resolve, reject) => {\n navigator.geolocation.getCurrentPosition(\n position => resolve({\n lat: position.coords.latitude,\n lon: position.coords.longitude\n\n }),\n error => reject(error)\n );\n });\n\n if(userLocation) { userLocation.value = userLatLon.lat + ',' + userLatLon.lon; }\n if (googleMapsLink) { googleMapsLink.value = 'https:\/\/maps.google.com\/?q=' + userLatLon.lat + ',' + userLatLon.lon; }\n \n } catch (error) {\n }\n\n \n \n\n});\n\n<\/script>\n<\/p><div class=\"wpcf7-response-output\" aria-hidden=\"true\"><\/div>\n<\/form>\n<\/div>\n<\/div>\n\n\n\n<div class=\"wp-block-group\" data-=\"\"><div class=\"wp-block-group__inner-container is-layout-constrained wp-block-group-is-layout-constrained\"><\/div><\/div>\n\n\t<\/div>\n\n<\/div>\n\n<\/div>\n<\/div><\/section>\n","protected":false},"excerpt":{"rendered":"","protected":false},"author":1,"featured_media":219,"parent":0,"menu_order":0,"comment_status":"closed","ping_status":"closed","template":"","meta":{"_acf_changed":false,"inline_featured_image":false,"footnotes":""},"class_list":["post-20","page","type-page","status-publish","has-post-thumbnail","hentry"],"acf":[],"yoast_head":"<!-- This site is optimized with the Yoast SEO plugin v27.4 - https:\/\/yoast.com\/product\/yoast-seo-wordpress\/ -->\n<title>Kontakt - Panorama Lidick\u00e1<\/title>\n<meta name=\"robots\" content=\"index, follow, max-snippet:-1, max-image-preview:large, max-video-preview:-1\" \/>\n<link rel=\"canonical\" href=\"https:\/\/panoramalidicka.cz\/?page_id=20\" \/>\n<meta property=\"og:locale\" content=\"cs_CZ\" \/>\n<meta property=\"og:type\" content=\"article\" \/>\n<meta property=\"og:title\" content=\"Kontakt - Panorama Lidick\u00e1\" \/>\n<meta property=\"og:url\" content=\"https:\/\/panoramalidicka.cz\/?page_id=20\" \/>\n<meta property=\"og:site_name\" content=\"Panorama Lidick\u00e1\" \/>\n<meta property=\"article:modified_time\" content=\"2025-07-14T13:03:38+00:00\" \/>\n<meta property=\"og:image\" content=\"https:\/\/panoramalidicka.cz\/wp-content\/uploads\/2023\/12\/kontakt.jpg\" \/>\n\t<meta property=\"og:image:width\" content=\"1920\" \/>\n\t<meta property=\"og:image:height\" content=\"1281\" \/>\n\t<meta property=\"og:image:type\" content=\"image\/jpeg\" \/>\n<meta name=\"twitter:card\" content=\"summary_large_image\" \/>\n<meta name=\"twitter:label1\" content=\"Odhadovan\u00e1 doba \u010dten\u00ed\" \/>\n\t<meta name=\"twitter:data1\" content=\"1 minuta\" \/>\n<script type=\"application\/ld+json\" class=\"yoast-schema-graph\">{\"@context\":\"https:\\\/\\\/schema.org\",\"@graph\":[{\"@type\":\"WebPage\",\"@id\":\"https:\\\/\\\/panoramalidicka.cz\\\/?page_id=20\",\"url\":\"https:\\\/\\\/panoramalidicka.cz\\\/?page_id=20\",\"name\":\"Kontakt - Panorama Lidick\u00e1\",\"isPartOf\":{\"@id\":\"https:\\\/\\\/panoramalidicka.cz\\\/#website\"},\"primaryImageOfPage\":{\"@id\":\"https:\\\/\\\/panoramalidicka.cz\\\/?page_id=20#primaryimage\"},\"image\":{\"@id\":\"https:\\\/\\\/panoramalidicka.cz\\\/?page_id=20#primaryimage\"},\"thumbnailUrl\":\"https:\\\/\\\/panoramalidicka.cz\\\/wp-content\\\/uploads\\\/2023\\\/12\\\/kontakt.jpg\",\"datePublished\":\"2023-12-05T09:55:15+00:00\",\"dateModified\":\"2025-07-14T13:03:38+00:00\",\"breadcrumb\":{\"@id\":\"https:\\\/\\\/panoramalidicka.cz\\\/?page_id=20#breadcrumb\"},\"inLanguage\":\"cs\",\"potentialAction\":[{\"@type\":\"ReadAction\",\"target\":[\"https:\\\/\\\/panoramalidicka.cz\\\/?page_id=20\"]}]},{\"@type\":\"ImageObject\",\"inLanguage\":\"cs\",\"@id\":\"https:\\\/\\\/panoramalidicka.cz\\\/?page_id=20#primaryimage\",\"url\":\"https:\\\/\\\/panoramalidicka.cz\\\/wp-content\\\/uploads\\\/2023\\\/12\\\/kontakt.jpg\",\"contentUrl\":\"https:\\\/\\\/panoramalidicka.cz\\\/wp-content\\\/uploads\\\/2023\\\/12\\\/kontakt.jpg\",\"width\":1920,\"height\":1281},{\"@type\":\"BreadcrumbList\",\"@id\":\"https:\\\/\\\/panoramalidicka.cz\\\/?page_id=20#breadcrumb\",\"itemListElement\":[{\"@type\":\"ListItem\",\"position\":1,\"name\":\"Home\",\"item\":\"https:\\\/\\\/panoramalidicka.cz\\\/\"},{\"@type\":\"ListItem\",\"position\":2,\"name\":\"Kontakt\"}]},{\"@type\":\"WebSite\",\"@id\":\"https:\\\/\\\/panoramalidicka.cz\\\/#website\",\"url\":\"https:\\\/\\\/panoramalidicka.cz\\\/\",\"name\":\"Panorama Lidick\u00e1\",\"description\":\"\",\"publisher\":{\"@id\":\"https:\\\/\\\/panoramalidicka.cz\\\/#organization\"},\"potentialAction\":[{\"@type\":\"SearchAction\",\"target\":{\"@type\":\"EntryPoint\",\"urlTemplate\":\"https:\\\/\\\/panoramalidicka.cz\\\/?s={search_term_string}\"},\"query-input\":{\"@type\":\"PropertyValueSpecification\",\"valueRequired\":true,\"valueName\":\"search_term_string\"}}],\"inLanguage\":\"cs\"},{\"@type\":\"Organization\",\"@id\":\"https:\\\/\\\/panoramalidicka.cz\\\/#organization\",\"name\":\"Panorama Lidick\u00e1\",\"url\":\"https:\\\/\\\/panoramalidicka.cz\\\/\",\"logo\":{\"@type\":\"ImageObject\",\"inLanguage\":\"cs\",\"@id\":\"https:\\\/\\\/panoramalidicka.cz\\\/#\\\/schema\\\/logo\\\/image\\\/\",\"url\":\"https:\\\/\\\/panoramalidicka.cz\\\/wp-content\\\/uploads\\\/2023\\\/12\\\/logo_default.svg\",\"contentUrl\":\"https:\\\/\\\/panoramalidicka.cz\\\/wp-content\\\/uploads\\\/2023\\\/12\\\/logo_default.svg\",\"width\":310,\"height\":70,\"caption\":\"Panorama Lidick\u00e1\"},\"image\":{\"@id\":\"https:\\\/\\\/panoramalidicka.cz\\\/#\\\/schema\\\/logo\\\/image\\\/\"}}]}<\/script>\n<!-- \/ Yoast SEO plugin. -->","yoast_head_json":{"title":"Kontakt - Panorama Lidick\u00e1","robots":{"index":"index","follow":"follow","max-snippet":"max-snippet:-1","max-image-preview":"max-image-preview:large","max-video-preview":"max-video-preview:-1"},"canonical":"https:\/\/panoramalidicka.cz\/?page_id=20","og_locale":"cs_CZ","og_type":"article","og_title":"Kontakt - Panorama Lidick\u00e1","og_url":"https:\/\/panoramalidicka.cz\/?page_id=20","og_site_name":"Panorama Lidick\u00e1","article_modified_time":"2025-07-14T13:03:38+00:00","og_image":[{"width":1920,"height":1281,"url":"https:\/\/panoramalidicka.cz\/wp-content\/uploads\/2023\/12\/kontakt.jpg","type":"image\/jpeg"}],"twitter_card":"summary_large_image","twitter_misc":{"Odhadovan\u00e1 doba \u010dten\u00ed":"1 minuta"},"schema":{"@context":"https:\/\/schema.org","@graph":[{"@type":"WebPage","@id":"https:\/\/panoramalidicka.cz\/?page_id=20","url":"https:\/\/panoramalidicka.cz\/?page_id=20","name":"Kontakt - Panorama Lidick\u00e1","isPartOf":{"@id":"https:\/\/panoramalidicka.cz\/#website"},"primaryImageOfPage":{"@id":"https:\/\/panoramalidicka.cz\/?page_id=20#primaryimage"},"image":{"@id":"https:\/\/panoramalidicka.cz\/?page_id=20#primaryimage"},"thumbnailUrl":"https:\/\/panoramalidicka.cz\/wp-content\/uploads\/2023\/12\/kontakt.jpg","datePublished":"2023-12-05T09:55:15+00:00","dateModified":"2025-07-14T13:03:38+00:00","breadcrumb":{"@id":"https:\/\/panoramalidicka.cz\/?page_id=20#breadcrumb"},"inLanguage":"cs","potentialAction":[{"@type":"ReadAction","target":["https:\/\/panoramalidicka.cz\/?page_id=20"]}]},{"@type":"ImageObject","inLanguage":"cs","@id":"https:\/\/panoramalidicka.cz\/?page_id=20#primaryimage","url":"https:\/\/panoramalidicka.cz\/wp-content\/uploads\/2023\/12\/kontakt.jpg","contentUrl":"https:\/\/panoramalidicka.cz\/wp-content\/uploads\/2023\/12\/kontakt.jpg","width":1920,"height":1281},{"@type":"BreadcrumbList","@id":"https:\/\/panoramalidicka.cz\/?page_id=20#breadcrumb","itemListElement":[{"@type":"ListItem","position":1,"name":"Home","item":"https:\/\/panoramalidicka.cz\/"},{"@type":"ListItem","position":2,"name":"Kontakt"}]},{"@type":"WebSite","@id":"https:\/\/panoramalidicka.cz\/#website","url":"https:\/\/panoramalidicka.cz\/","name":"Panorama Lidick\u00e1","description":"","publisher":{"@id":"https:\/\/panoramalidicka.cz\/#organization"},"potentialAction":[{"@type":"SearchAction","target":{"@type":"EntryPoint","urlTemplate":"https:\/\/panoramalidicka.cz\/?s={search_term_string}"},"query-input":{"@type":"PropertyValueSpecification","valueRequired":true,"valueName":"search_term_string"}}],"inLanguage":"cs"},{"@type":"Organization","@id":"https:\/\/panoramalidicka.cz\/#organization","name":"Panorama Lidick\u00e1","url":"https:\/\/panoramalidicka.cz\/","logo":{"@type":"ImageObject","inLanguage":"cs","@id":"https:\/\/panoramalidicka.cz\/#\/schema\/logo\/image\/","url":"https:\/\/panoramalidicka.cz\/wp-content\/uploads\/2023\/12\/logo_default.svg","contentUrl":"https:\/\/panoramalidicka.cz\/wp-content\/uploads\/2023\/12\/logo_default.svg","width":310,"height":70,"caption":"Panorama Lidick\u00e1"},"image":{"@id":"https:\/\/panoramalidicka.cz\/#\/schema\/logo\/image\/"}}]}},"_links":{"self":[{"href":"https:\/\/panoramalidicka.cz\/index.php?rest_route=\/wp\/v2\/pages\/20","targetHints":{"allow":["GET"]}}],"collection":[{"href":"https:\/\/panoramalidicka.cz\/index.php?rest_route=\/wp\/v2\/pages"}],"about":[{"href":"https:\/\/panoramalidicka.cz\/index.php?rest_route=\/wp\/v2\/types\/page"}],"author":[{"embeddable":true,"href":"https:\/\/panoramalidicka.cz\/index.php?rest_route=\/wp\/v2\/users\/1"}],"replies":[{"embeddable":true,"href":"https:\/\/panoramalidicka.cz\/index.php?rest_route=%2Fwp%2Fv2%2Fcomments&post=20"}],"version-history":[{"count":42,"href":"https:\/\/panoramalidicka.cz\/index.php?rest_route=\/wp\/v2\/pages\/20\/revisions"}],"predecessor-version":[{"id":1569,"href":"https:\/\/panoramalidicka.cz\/index.php?rest_route=\/wp\/v2\/pages\/20\/revisions\/1569"}],"wp:featuredmedia":[{"embeddable":true,"href":"https:\/\/panoramalidicka.cz\/index.php?rest_route=\/wp\/v2\/media\/219"}],"wp:attachment":[{"href":"https:\/\/panoramalidicka.cz\/index.php?rest_route=%2Fwp%2Fv2%2Fmedia&parent=20"}],"curies":[{"name":"wp","href":"https:\/\/api.w.org\/{rel}","templated":true}]}}